{"id":86,"date":"2021-05-24T17:02:15","date_gmt":"2021-05-24T16:02:15","guid":{"rendered":"https:\/\/cudoviti-bohinj.si\/?page_id=86"},"modified":"2025-01-20T13:41:25","modified_gmt":"2025-01-20T12:41:25","slug":"domov","status":"publish","type":"page","link":"https:\/\/www.cudoviti-bohinj.si\/en\/","title":{"rendered":"Home"},"content":{"rendered":"\n<h2 class=\"wp-block-heading alignfull has-text-align-center\" id=\"about\">About us<\/h2>\n\n\n\n<p class=\"narrow\">Welcome to Bohinj, below the mighty mountain peaks and by the crystal clear waters. A couple, Ur\u0161ka and \u0160tefan, two locals that continue the family tradition of renting rooms and apartments, welcome you to spend your vacation with us. Our grandmothers started tourism in their homes in the 1960s, and  we are happy to continue and upgrade the tradition.<\/p>\n\n\n\n<p class=\"narrow\">Family apartments Na vasi in the village Savica by the beautiful river Sava, and apartments and rooms in Stara Fu\u017eina, in Triglav National Park, just a few minutes of walking from Lake Bohinj, invite you to spend a pleasant holiday in this beautiful part of Slovenia.<\/p>\n\n\n\n<p class=\"narrow\">We offer our guests a larger number of apartments and rooms of various sizes, on two different locations, united under the name Wonderful Bohinj Accomodation. All apartments and rooms are nice, well equipped and ready for your cosy vacations.<\/p>\n\n\n\n<div style=\"height:20px\" aria-hidden=\"true\" class=\"wp-block-spacer hide-mobile\"><\/div>\n\n\n\n<div class=\"wp-block-columns accommodation is-layout-flex wp-container-core-columns-is-layout-9d6595d7 wp-block-columns-is-layout-flex\">\n<div class=\"wp-block-column is-layout-flow wp-block-column-is-layout-flow\">\n<figure class=\"wp-block-image size-full\"><a href=\"https:\/\/www.cudoviti-bohinj.si\/en\/apartments-bohinj\/\"><img loading=\"lazy\" decoding=\"async\" width=\"800\" height=\"500\" src=\"https:\/\/www.cudoviti-bohinj.si\/wp-content\/uploads\/2025\/01\/apartmaji-cudoviti-bohinj.jpg\" alt=\"apartmaji-cudoviti-bohinj\" class=\"wp-image-1478\" srcset=\"https:\/\/www.cudoviti-bohinj.si\/wp-content\/uploads\/2025\/01\/apartmaji-cudoviti-bohinj.jpg 800w, https:\/\/www.cudoviti-bohinj.si\/wp-content\/uploads\/2025\/01\/apartmaji-cudoviti-bohinj-300x188.jpg 300w, https:\/\/www.cudoviti-bohinj.si\/wp-content\/uploads\/2025\/01\/apartmaji-cudoviti-bohinj-768x480.jpg 768w\" sizes=\"auto, (max-width: 800px) 100vw, 800px\" \/><\/a><figcaption class=\"wp-element-caption\">Apartments<br><span>from 85<\/span>&nbsp;<span>\u20ac \/ night<\/span><\/figcaption><\/figure>\n<\/div>\n\n\n\n<div class=\"wp-block-column is-layout-flow wp-block-column-is-layout-flow\">\n<figure class=\"wp-block-image size-full\"><a href=\"https:\/\/www.cudoviti-bohinj.si\/en\/rooms-bohinj\/\"><img loading=\"lazy\" decoding=\"async\" width=\"800\" height=\"500\" src=\"https:\/\/www.cudoviti-bohinj.si\/wp-content\/uploads\/2025\/01\/sobe-cudoviti-bohinj.jpg\" alt=\"sobe-cudoviti-bohinj\" class=\"wp-image-1480\" srcset=\"https:\/\/www.cudoviti-bohinj.si\/wp-content\/uploads\/2025\/01\/sobe-cudoviti-bohinj.jpg 800w, https:\/\/www.cudoviti-bohinj.si\/wp-content\/uploads\/2025\/01\/sobe-cudoviti-bohinj-300x188.jpg 300w, https:\/\/www.cudoviti-bohinj.si\/wp-content\/uploads\/2025\/01\/sobe-cudoviti-bohinj-768x480.jpg 768w\" sizes=\"auto, (max-width: 800px) 100vw, 800px\" \/><\/a><figcaption class=\"wp-element-caption\">Rooms<br><span>from 55<\/span>&nbsp;<span>\u20ac \/ night<\/span><\/figcaption><\/figure>\n<\/div>\n<\/div>\n\n\n\n<div class=\"alignfull\"><div id=\"map\"><\/div><\/div>\n\n\n\n<div class=\"wp-block-group alignfull activities has-light-background-color has-background\"><div class=\"wp-block-group__inner-container is-layout-flow wp-block-group-is-layout-flow\">\n<h2 class=\"wp-block-heading has-text-align-center\">Activities<\/h2>\n\n\n\n<p class=\"has-text-align-center narrow\">Curious and like to explore new places? Bohinj offers you a lot of opportunities to spend your free time actively and explore this beautiful place in Triglav national park. Lake Bohinj, Sava river, Savica waterfall, Mostnica gorge, Voje valley, Pokljuka, mount Triglav,&#8230; Find yourself the best active holidays. With family or friends.<\/p>\n\n\n\n<div style=\"height:20px\" aria-hidden=\"true\" class=\"wp-block-spacer\"><\/div>\n\n\n\n<div class=\"wp-block-columns is-layout-flex wp-container-core-columns-is-layout-9d6595d7 wp-block-columns-is-layout-flex\">\n<div class=\"wp-block-column is-layout-flow wp-block-column-is-layout-flow\"><div class=\"wp-block-image\">\n<figure class=\"aligncenter size-large\"><img loading=\"lazy\" decoding=\"async\" width=\"512\" height=\"512\" src=\"https:\/\/cudoviti-bohinj.si\/wp-content\/uploads\/2021\/05\/001-bicycle.svg\" alt=\"\" class=\"wp-image-174\"\/><figcaption class=\"wp-element-caption\">Biking<\/figcaption><\/figure>\n<\/div><\/div>\n\n\n\n<div class=\"wp-block-column is-layout-flow wp-block-column-is-layout-flow\"><div class=\"wp-block-image\">\n<figure class=\"aligncenter size-large\"><img loading=\"lazy\" decoding=\"async\" width=\"595\" height=\"425\" src=\"https:\/\/cudoviti-bohinj.si\/wp-content\/uploads\/2021\/05\/002-snowed-mountains.svg\" alt=\"\" class=\"wp-image-176\"\/><figcaption class=\"wp-element-caption\">Hiking<\/figcaption><\/figure>\n<\/div><\/div>\n\n\n\n<div class=\"wp-block-column is-layout-flow wp-block-column-is-layout-flow\"><div class=\"wp-block-image\">\n<figure class=\"aligncenter size-large\"><img loading=\"lazy\" decoding=\"async\" width=\"533\" height=\"595\" src=\"https:\/\/cudoviti-bohinj.si\/wp-content\/uploads\/2021\/05\/003-paragliding.svg\" alt=\"\" class=\"wp-image-178\"\/><figcaption class=\"wp-element-caption\">Paragliding<\/figcaption><\/figure>\n<\/div><\/div>\n\n\n\n<div class=\"wp-block-column is-layout-flow wp-block-column-is-layout-flow\"><div class=\"wp-block-image\">\n<figure class=\"aligncenter size-large\"><img loading=\"lazy\" decoding=\"async\" width=\"595\" height=\"595\" src=\"https:\/\/cudoviti-bohinj.si\/wp-content\/uploads\/2021\/05\/004-kayak.svg\" alt=\"\" class=\"wp-image-180\"\/><figcaption class=\"wp-element-caption\">Kayaking<\/figcaption><\/figure>\n<\/div><\/div>\n<\/div>\n\n\n\n<div class=\"wp-block-columns is-layout-flex wp-container-core-columns-is-layout-9d6595d7 wp-block-columns-is-layout-flex\">\n<div class=\"wp-block-column is-layout-flow wp-block-column-is-layout-flow\"><div class=\"wp-block-image\">\n<figure class=\"aligncenter size-large\"><img loading=\"lazy\" decoding=\"async\" width=\"595\" height=\"541\" src=\"https:\/\/cudoviti-bohinj.si\/wp-content\/uploads\/2021\/05\/005-ski.svg\" alt=\"\" class=\"wp-image-182\"\/><figcaption class=\"wp-element-caption\">Skiing<\/figcaption><\/figure>\n<\/div><\/div>\n\n\n\n<div class=\"wp-block-column is-layout-flow wp-block-column-is-layout-flow\"><div class=\"wp-block-image\">\n<figure class=\"aligncenter size-large\"><img loading=\"lazy\" decoding=\"async\" width=\"31\" height=\"19\" src=\"https:\/\/cudoviti-bohinj.si\/wp-content\/uploads\/2021\/05\/006-swimming.svg\" alt=\"\" class=\"wp-image-184\"\/><figcaption class=\"wp-element-caption\">Swimming<\/figcaption><\/figure>\n<\/div><\/div>\n\n\n\n<div class=\"wp-block-column is-layout-flow wp-block-column-is-layout-flow\"><div class=\"wp-block-image\">\n<figure class=\"aligncenter size-large\"><img loading=\"lazy\" decoding=\"async\" width=\"512\" height=\"512\" src=\"https:\/\/cudoviti-bohinj.si\/wp-content\/uploads\/2021\/05\/007-fishing.svg\" alt=\"\" class=\"wp-image-186\"\/><figcaption class=\"wp-element-caption\">Fishing<\/figcaption><\/figure>\n<\/div><\/div>\n<\/div>\n<\/div><\/div>\n\n\n\n<div class=\"wp-block-columns alignfull events is-layout-flex wp-container-core-columns-is-layout-9d6595d7 wp-block-columns-is-layout-flex\">\n<div class=\"wp-block-column is-layout-flow wp-block-column-is-layout-flow\">\n<figure class=\"wp-block-image size-full\"><img loading=\"lazy\" decoding=\"async\" width=\"2000\" height=\"1333\" src=\"https:\/\/cudoviti-bohinj.si\/wp-content\/uploads\/2021\/06\/kravji-bal.jpg\" alt=\"\" class=\"wp-image-246\" srcset=\"https:\/\/www.cudoviti-bohinj.si\/wp-content\/uploads\/2021\/06\/kravji-bal.jpg 2000w, https:\/\/www.cudoviti-bohinj.si\/wp-content\/uploads\/2021\/06\/kravji-bal-300x200.jpg 300w, https:\/\/www.cudoviti-bohinj.si\/wp-content\/uploads\/2021\/06\/kravji-bal-1024x682.jpg 1024w, https:\/\/www.cudoviti-bohinj.si\/wp-content\/uploads\/2021\/06\/kravji-bal-768x512.jpg 768w, https:\/\/www.cudoviti-bohinj.si\/wp-content\/uploads\/2021\/06\/kravji-bal-1536x1024.jpg 1536w\" sizes=\"auto, (max-width: 2000px) 100vw, 2000px\" \/><\/figure>\n<\/div>\n\n\n\n<div class=\"wp-block-column is-vertically-aligned-center is-layout-flow wp-block-column-is-layout-flow\">\n<div style=\"height:30px\" aria-hidden=\"true\" class=\"wp-block-spacer\"><\/div>\n\n\n\n<h2 class=\"gb-headline gb-headline-325a8c51 gb-headline-text\">Dogodki in prireditve<\/h2>\n\n\n<div class=\"gb-grid-wrapper gb-grid-wrapper-9b24a839\">\n<div class=\"gb-grid-column gb-grid-column-ea0ac573\"><div class=\"gb-container gb-container-ea0ac573\"><div class=\"gb-inside-container\">\n\n<h4 class=\"gb-headline gb-headline-669f9b8b gb-headline-text\">Kravji bal<\/h4>\n\n\n\n<p>Najstarej\u0161a prireditev v Bohinju. Praznik ob koncu turisti\u010dne in pa\u0161ne sezone.<\/p>\n\n\n\n<h4 class=\"gb-headline gb-headline-f77469fd gb-headline-text\">Lokalna tr\u017enica<\/h4>\n\n\n\n<p>Tr\u017enica z lokalnimi pridelki in izdelki. Vsako soboto od 8. do 13. ure.<\/p>\n\n\n\n<h4 class=\"gb-headline gb-headline-85023f36 gb-headline-text\">Va\u0161ki ve\u010deri pod lipo<\/h4>\n\n\n\n<p>Tradicionalna prireditev s prikazom va\u0161kih obi\u010dajev, glasbo in plesom.<\/p>\n\n<\/div><\/div><\/div>\n\n<div class=\"gb-grid-column gb-grid-column-dc243b0e\"><div class=\"gb-container gb-container-dc243b0e\"><div class=\"gb-inside-container\">\n\n<h4 class=\"gb-headline gb-headline-d03bd815 gb-headline-text\">Kresna no\u010d<\/h4>\n\n\n\n<p>Tradicionalno pri\u017eiganje sve\u010dke v jaj\u010dnih lupinicah in ognjemet.<\/p>\n\n\n\n<h4 class=\"gb-headline gb-headline-82dc242e gb-headline-text\">Vasovanje<\/h4>\n\n\n\n<p>Tradicionalna prireditev obuja stare bohinjske obi\u010daje vasovanja na vasi.<\/p>\n\n\n\n<h4 class=\"gb-headline gb-headline-dd1e5404 gb-headline-text\">Silvestrovanje<\/h4>\n\n\n\n<p>Novoletna zabava v Bohinju prina\u0161a pravo zimsko pravljico.<\/p>\n\n<\/div><\/div><\/div>\n<\/div>\n\n<div class=\"gb-grid-wrapper gb-grid-wrapper-04b967b9\">\n<div class=\"gb-grid-column gb-grid-column-975ab2f8\"><div class=\"gb-container gb-container-975ab2f8\"><div class=\"gb-inside-container\">\n\n<div class=\"wp-block-buttons is-layout-flex wp-block-buttons-is-layout-flex\">\n<div class=\"wp-block-button\"><a class=\"wp-block-button__link wp-element-button\" href=\"https:\/\/tdbohinj.si\/prireditve\/\" target=\"_blank\" rel=\"noreferrer noopener\">Aktualni dogodki<\/a><\/div>\n<\/div>\n\n<\/div><\/div><\/div>\n\n<div class=\"gb-grid-column gb-grid-column-cfd03d3b\"><div class=\"gb-container gb-container-cfd03d3b\"><div class=\"gb-inside-container\"><\/div><\/div><\/div>\n<\/div>\n\n\n<div style=\"height:30px\" aria-hidden=\"true\" class=\"wp-block-spacer\"><\/div>\n<\/div>\n<\/div>\n\n\n\n<p><\/p>\n","protected":false},"excerpt":{"rendered":"<p>About us Welcome to Bohinj, below the mighty mountain peaks and by the crystal clear waters. A couple, Ur\u0161ka and \u0160tefan, two locals that continue the family tradition of renting rooms and apartments, welcome you to spend your vacation with us. Our grandmothers started tourism in their homes in the 1960s, and we are happy &#8230; <a title=\"Home\" class=\"read-more\" href=\"https:\/\/www.cudoviti-bohinj.si\/en\/\" aria-label=\"More on Home\">Read more<\/a><\/p>\n","protected":false},"author":1,"featured_media":0,"parent":0,"menu_order":0,"comment_status":"closed","ping_status":"closed","template":"","meta":{"_generate-full-width-content":"","footnotes":""},"class_list":["post-86","page","type-page","status-publish"],"_links":{"self":[{"href":"https:\/\/www.cudoviti-bohinj.si\/en\/wp-json\/wp\/v2\/pages\/86","targetHints":{"allow":["GET"]}}],"collection":[{"href":"https:\/\/www.cudoviti-bohinj.si\/en\/wp-json\/wp\/v2\/pages"}],"about":[{"href":"https:\/\/www.cudoviti-bohinj.si\/en\/wp-json\/wp\/v2\/types\/page"}],"author":[{"embeddable":true,"href":"https:\/\/www.cudoviti-bohinj.si\/en\/wp-json\/wp\/v2\/users\/1"}],"replies":[{"embeddable":true,"href":"https:\/\/www.cudoviti-bohinj.si\/en\/wp-json\/wp\/v2\/comments?post=86"}],"version-history":[{"count":21,"href":"https:\/\/www.cudoviti-bohinj.si\/en\/wp-json\/wp\/v2\/pages\/86\/revisions"}],"predecessor-version":[{"id":1482,"href":"https:\/\/www.cudoviti-bohinj.si\/en\/wp-json\/wp\/v2\/pages\/86\/revisions\/1482"}],"wp:attachment":[{"href":"https:\/\/www.cudoviti-bohinj.si\/en\/wp-json\/wp\/v2\/media?parent=86"}],"curies":[{"name":"wp","href":"https:\/\/api.w.org\/{rel}","templated":true}]}}